{"id":9540,"date":"2024-02-07T15:35:25","date_gmt":"2024-02-07T15:35:25","guid":{"rendered":"https:\/\/csiaradar.com\/?page_id=9540"},"modified":"2024-02-07T15:37:31","modified_gmt":"2024-02-07T15:37:31","slug":"prensa","status":"publish","type":"page","link":"https:\/\/csiaradar.com\/es\/registro-2024\/prensa\/","title":{"rendered":"Prensa"},"content":{"rendered":"<h2 style=\"text-align: center;\">Acreditaci\u00f3n 2024<\/h2>\n<hr \/>\n<p><span style=\"font-weight: 400;\">Si quieres obtener tu <\/span><b>acreditaci\u00f3n <\/b><span style=\"font-weight: 400;\">como <\/span><b>profesional <\/b><span style=\"font-weight: 400;\">de <\/span><b>alg\u00fan medio de comunicaci\u00f3n<\/b><span style=\"font-weight: 400;\"> para asistir al <\/span><strong>&gt;_ CSIA Radar <\/strong><b>2024<\/b><span style=\"font-weight: 400;\">, por favor env\u00edanos tu solicitud:<\/span><\/p>\n\n<div class=\"wpcf7 no-js\" id=\"wpcf7-f3708-o1\" lang=\"en-US\" dir=\"ltr\" data-wpcf7-id=\"3708\">\n<div class=\"screen-reader-response\"><p role=\"status\" aria-live=\"polite\" aria-atomic=\"true\"><\/p> <ul><\/ul><\/div>\n<form action=\"\/es\/wp-json\/wp\/v2\/pages\/9540#wpcf7-f3708-o1\" method=\"post\" class=\"wpcf7-form init\" aria-label=\"Contact form\" novalidate=\"novalidate\" data-status=\"init\">\n<fieldset class=\"hidden-fields-container\"><input type=\"hidden\" name=\"_wpcf7\" value=\"3708\" \/><input type=\"hidden\" name=\"_wpcf7_version\" value=\"6.1.5\" \/><input type=\"hidden\" name=\"_wpcf7_locale\" value=\"en_US\" \/><input type=\"hidden\" name=\"_wpcf7_unit_tag\" value=\"wpcf7-f3708-o1\" \/><input type=\"hidden\" name=\"_wpcf7_container_post\" value=\"0\" \/><input type=\"hidden\" name=\"_wpcf7_posted_data_hash\" value=\"\" \/><input type=\"hidden\" name=\"_wpcf7_recaptcha_response\" value=\"\" \/>\n<\/fieldset>\n<div class=\"row\">\n\t<div class=\"col-12\">\n\t\t<p><small>* Todos los campos son obligatorios<\/small>\n\t\t<\/p>\n\t<\/div>\n\t<div class=\"col-md-6\">\n\t\t<p><label>Nombre<\/label>\n\t\t<\/p>\n\t\t<p><span class=\"wpcf7-form-control-wrap\" data-name=\"your-name\"><input size=\"40\" maxlength=\"400\" class=\"wpcf7-form-control wpcf7-text wpcf7-validates-as-required\" aria-required=\"true\" aria-invalid=\"false\" value=\"\" type=\"text\" name=\"your-name\" \/><\/span>\n\t\t<\/p>\n\t<\/div>\n\t<div class=\"col-md-6\">\n\t\t<p><label>Apellidos<\/label>\n\t\t<\/p>\n\t\t<p><span class=\"wpcf7-form-control-wrap\" data-name=\"your-surname\"><input size=\"40\" maxlength=\"400\" class=\"wpcf7-form-control wpcf7-text wpcf7-validates-as-required\" aria-required=\"true\" aria-invalid=\"false\" value=\"\" type=\"text\" name=\"your-surname\" \/><\/span>\n\t\t<\/p>\n\t<\/div>\n\t<div class=\"col-md-6\">\n\t\t<p><label>Cargo<\/label>\n\t\t<\/p>\n\t\t<p><span class=\"wpcf7-form-control-wrap\" data-name=\"your-profession\"><input size=\"40\" maxlength=\"400\" class=\"wpcf7-form-control wpcf7-text wpcf7-validates-as-required\" aria-required=\"true\" aria-invalid=\"false\" value=\"\" type=\"text\" name=\"your-profession\" \/><\/span>\n\t\t<\/p>\n\t<\/div>\n\t<div class=\"col-md-6\">\n\t\t<p><label>Medio de comunicaci\u00f3n<\/label>\n\t\t<\/p>\n\t\t<p><span class=\"wpcf7-form-control-wrap\" data-name=\"your-company\"><input size=\"40\" maxlength=\"400\" class=\"wpcf7-form-control wpcf7-text wpcf7-validates-as-required\" aria-required=\"true\" aria-invalid=\"false\" value=\"\" type=\"text\" name=\"your-company\" \/><\/span>\n\t\t<\/p>\n\t<\/div>\n\t<div class=\"col-md-6\">\n\t\t<p><label>Tel\u00e9fono<\/label>\n\t\t<\/p>\n\t\t<p><span class=\"wpcf7-form-control-wrap\" data-name=\"your-phone\"><input size=\"40\" maxlength=\"400\" class=\"wpcf7-form-control wpcf7-text wpcf7-validates-as-required\" aria-required=\"true\" aria-invalid=\"false\" value=\"\" type=\"text\" name=\"your-phone\" \/><\/span>\n\t\t<\/p>\n\t<\/div>\n\t<div class=\"col-md-6\">\n\t\t<p><label>Email<\/label>\n\t\t<\/p>\n\t\t<p><span class=\"wpcf7-form-control-wrap\" data-name=\"your-email\"><input size=\"40\" maxlength=\"400\" class=\"wpcf7-form-control wpcf7-email wpcf7-validates-as-required wpcf7-text wpcf7-validates-as-email\" aria-required=\"true\" aria-invalid=\"false\" value=\"\" type=\"email\" name=\"your-email\" \/><\/span>\n\t\t<\/p>\n\t<\/div>\n\t<div class=\"col-md-6\">\n\t\t<p><label>Modalidad de asistencia:<\/label>\n\t\t<\/p>\n\t\t<p><span class=\"wpcf7-form-control-wrap\" data-name=\"modalidad\"><select class=\"wpcf7-form-control wpcf7-select wpcf7-validates-as-required\" aria-required=\"true\" aria-invalid=\"false\" name=\"modalidad\"><option value=\"\">Seleccionar...<\/option><option value=\"PRESENCIAL: 25 &amp; 26 de junio\">PRESENCIAL: 25 &amp; 26 de junio<\/option><option value=\"VIRTUAL: 25-28 de junio\">VIRTUAL: 25-28 de junio<\/option><\/select><\/span>\n\t\t<\/p>\n\t<\/div>\n\t<div class=\"col-12\">\n\t\t<p><label>Mensaje:<\/label>\n\t\t<\/p>\n\t\t<p><span class=\"wpcf7-form-control-wrap\" data-name=\"your-message\"><textarea cols=\"40\" rows=\"10\" maxlength=\"2000\" class=\"wpcf7-form-control wpcf7-textarea wpcf7-validates-as-required\" aria-required=\"true\" aria-invalid=\"false\" name=\"your-message\"><\/textarea><\/span>\n\t\t<\/p>\n\t\t<p><span class=\"wpcf7-form-control-wrap\" data-name=\"acceptance-493\"><span class=\"wpcf7-form-control wpcf7-acceptance\"><span class=\"wpcf7-list-item\"><label><input type=\"checkbox\" name=\"acceptance-493\" value=\"1\" aria-invalid=\"false\" \/><span class=\"wpcf7-list-item-label\">He le\u00eddo y acepto la: \n<a href=\"https:\/\/csiaradar.com\/web\/es\/politica-privacidad\/\" title=\"Pol\u00edtica de Privacidad\" class=\"blackColor strong\" rel=\"noopener\" target=\"_blank\"><u>Pol\u00edtica de Privacidad<\/u><\/a>.<\/span><\/label><\/span><\/span><\/span>\n\t\t<\/p>\n\t<\/div>\n<\/div>\n<div class=\"row justify-content-center\">\n\t<div class=\"col-md-6 text-center\">\n\t\t<p><input class=\"wpcf7-form-control wpcf7-submit has-spinner\" type=\"submit\" value=\"ENVIAR\" \/>\n\t\t<\/p>\n\t<\/div>\n<\/div><div class=\"wpcf7-response-output\" aria-hidden=\"true\"><\/div>\n<\/form>\n<\/div>\n\n<hr \/>\n<p><span style=\"font-weight: 400;\">Para conseguir <\/span><b>material gr\u00e1fico extra<\/b><span style=\"font-weight: 400;\"> solicita acceso a nuestra FTP a trav\u00e9s del siguiente correo electr\u00f3nico: <\/span><a href=\"mailto:gloria@medinamediaevents.com\"><span style=\"font-weight: 400;\">gloria@medinamediaevents.com<\/span><\/a><\/p>\n<p><span style=\"font-weight: 400;\">Si necesitas contactar con la organizaci\u00f3n para gestiones de <\/span><b>entrevistas o informaci\u00f3n adicional<\/b><span style=\"font-weight: 400;\">, por favor, escribe tu petici\u00f3n a <\/span><a href=\"mailto:carlos@medinamediaevents.com\"><span style=\"font-weight: 400;\">carlos@medinamediaevents.com<\/span><\/a><span style=\"font-weight: 400;\">\u00a0<\/span><\/p>\n","protected":false},"excerpt":{"rendered":"<p>Acreditaci\u00f3n 2024 Si quieres obtener tu acreditaci\u00f3n como profesional de alg\u00fan medio de comunicaci\u00f3n para asistir al &gt;_ CSIA Radar 2024, por favor env\u00edanos tu solicitud: Para conseguir material gr\u00e1fico extra solicita acceso a nuestra FTP a trav\u00e9s del siguiente correo electr\u00f3nico: gloria@medinamediaevents.com Si necesitas contactar con la organizaci\u00f3n para gestiones de entrevistas o informaci\u00f3n [&hellip;]<\/p>\n","protected":false},"author":6,"featured_media":8164,"parent":9520,"menu_order":0,"comment_status":"closed","ping_status":"closed","template":"","meta":{"_acf_changed":false,"footnotes":""},"class_list":["post-9540","page","type-page","status-publish","has-post-thumbnail","hentry"],"acf":[],"yoast_head":"<!-- This site is optimized with the Yoast SEO plugin v27.4 - https:\/\/yoast.com\/product\/yoast-seo-wordpress\/ -->\n<title>Prensa - CSI Radar<\/title>\n<meta name=\"robots\" content=\"index, follow, max-snippet:-1, max-image-preview:large, max-video-preview:-1\" \/>\n<link rel=\"canonical\" href=\"https:\/\/csiaradar.com\/register-2024\/press\/\" \/>\n<meta property=\"og:locale\" content=\"es_ES\" \/>\n<meta property=\"og:type\" content=\"article\" \/>\n<meta property=\"og:title\" content=\"Prensa - CSI Radar\" \/>\n<meta property=\"og:description\" content=\"Acreditaci\u00f3n 2024 Si quieres obtener tu acreditaci\u00f3n como profesional de alg\u00fan medio de comunicaci\u00f3n para asistir al &gt;_ CSIA Radar 2024, por favor env\u00edanos tu solicitud: Para conseguir material gr\u00e1fico extra solicita acceso a nuestra FTP a trav\u00e9s del siguiente correo electr\u00f3nico: gloria@medinamediaevents.com Si necesitas contactar con la organizaci\u00f3n para gestiones de entrevistas o informaci\u00f3n [&hellip;]\" \/>\n<meta property=\"og:url\" content=\"https:\/\/csiaradar.com\/register-2024\/press\/\" \/>\n<meta property=\"og:site_name\" content=\"CSI Radar\" \/>\n<meta property=\"article:modified_time\" content=\"2024-02-07T15:37:31+00:00\" \/>\n<meta property=\"og:image\" content=\"https:\/\/csiaradar.com\/web\/wp-content\/uploads\/2022\/12\/cibyer_01.jpg\" \/>\n\t<meta property=\"og:image:width\" content=\"2000\" \/>\n\t<meta property=\"og:image:height\" content=\"500\" \/>\n\t<meta property=\"og:image:type\" content=\"image\/jpeg\" \/>\n<meta name=\"twitter:card\" content=\"summary_large_image\" \/>\n<meta name=\"twitter:label1\" content=\"Tiempo de lectura\" \/>\n\t<meta name=\"twitter:data1\" content=\"1 minuto\" \/>\n<script type=\"application\/ld+json\" class=\"yoast-schema-graph\">{\"@context\":\"https:\\\/\\\/schema.org\",\"@graph\":[{\"@type\":\"WebPage\",\"@id\":\"https:\\\/\\\/csiaradar.com\\\/register-2024\\\/press\\\/\",\"url\":\"https:\\\/\\\/csiaradar.com\\\/register-2024\\\/press\\\/\",\"name\":\"Prensa - CSI Radar\",\"isPartOf\":{\"@id\":\"https:\\\/\\\/csiaradar.com\\\/#website\"},\"primaryImageOfPage\":{\"@id\":\"https:\\\/\\\/csiaradar.com\\\/register-2024\\\/press\\\/#primaryimage\"},\"image\":{\"@id\":\"https:\\\/\\\/csiaradar.com\\\/register-2024\\\/press\\\/#primaryimage\"},\"thumbnailUrl\":\"https:\\\/\\\/csiaradar.com\\\/web\\\/wp-content\\\/uploads\\\/2022\\\/12\\\/cibyer_01.jpg\",\"datePublished\":\"2024-02-07T15:35:25+00:00\",\"dateModified\":\"2024-02-07T15:37:31+00:00\",\"breadcrumb\":{\"@id\":\"https:\\\/\\\/csiaradar.com\\\/register-2024\\\/press\\\/#breadcrumb\"},\"inLanguage\":\"es\",\"potentialAction\":[{\"@type\":\"ReadAction\",\"target\":[\"https:\\\/\\\/csiaradar.com\\\/register-2024\\\/press\\\/\"]}]},{\"@type\":\"ImageObject\",\"inLanguage\":\"es\",\"@id\":\"https:\\\/\\\/csiaradar.com\\\/register-2024\\\/press\\\/#primaryimage\",\"url\":\"https:\\\/\\\/csiaradar.com\\\/web\\\/wp-content\\\/uploads\\\/2022\\\/12\\\/cibyer_01.jpg\",\"contentUrl\":\"https:\\\/\\\/csiaradar.com\\\/web\\\/wp-content\\\/uploads\\\/2022\\\/12\\\/cibyer_01.jpg\",\"width\":2000,\"height\":500},{\"@type\":\"BreadcrumbList\",\"@id\":\"https:\\\/\\\/csiaradar.com\\\/register-2024\\\/press\\\/#breadcrumb\",\"itemListElement\":[{\"@type\":\"ListItem\",\"position\":1,\"name\":\"Portada\",\"item\":\"https:\\\/\\\/csiaradar.com\\\/es\\\/\"},{\"@type\":\"ListItem\",\"position\":2,\"name\":\"REGISTRO 2024\",\"item\":\"https:\\\/\\\/csiaradar.com\\\/register-2024\\\/\"},{\"@type\":\"ListItem\",\"position\":3,\"name\":\"Prensa\"}]},{\"@type\":\"WebSite\",\"@id\":\"https:\\\/\\\/csiaradar.com\\\/#website\",\"url\":\"https:\\\/\\\/csiaradar.com\\\/\",\"name\":\"CSI Radar\",\"description\":\"Cyber Security International\",\"publisher\":{\"@id\":\"https:\\\/\\\/csiaradar.com\\\/#organization\"},\"potentialAction\":[{\"@type\":\"SearchAction\",\"target\":{\"@type\":\"EntryPoint\",\"urlTemplate\":\"https:\\\/\\\/csiaradar.com\\\/?s={search_term_string}\"},\"query-input\":{\"@type\":\"PropertyValueSpecification\",\"valueRequired\":true,\"valueName\":\"search_term_string\"}}],\"inLanguage\":\"es\"},{\"@type\":\"Organization\",\"@id\":\"https:\\\/\\\/csiaradar.com\\\/#organization\",\"name\":\"SUTUS\",\"url\":\"https:\\\/\\\/csiaradar.com\\\/\",\"logo\":{\"@type\":\"ImageObject\",\"inLanguage\":\"es\",\"@id\":\"https:\\\/\\\/csiaradar.com\\\/#\\\/schema\\\/logo\\\/image\\\/\",\"url\":\"https:\\\/\\\/csiaradar.com\\\/web\\\/wp-content\\\/uploads\\\/2019\\\/01\\\/sutuscolor.png\",\"contentUrl\":\"https:\\\/\\\/csiaradar.com\\\/web\\\/wp-content\\\/uploads\\\/2019\\\/01\\\/sutuscolor.png\",\"width\":268,\"height\":85,\"caption\":\"SUTUS\"},\"image\":{\"@id\":\"https:\\\/\\\/csiaradar.com\\\/#\\\/schema\\\/logo\\\/image\\\/\"}}]}<\/script>\n<!-- \/ Yoast SEO plugin. -->","yoast_head_json":{"title":"Prensa - CSI Radar","robots":{"index":"index","follow":"follow","max-snippet":"max-snippet:-1","max-image-preview":"max-image-preview:large","max-video-preview":"max-video-preview:-1"},"canonical":"https:\/\/csiaradar.com\/register-2024\/press\/","og_locale":"es_ES","og_type":"article","og_title":"Prensa - CSI Radar","og_description":"Acreditaci\u00f3n 2024 Si quieres obtener tu acreditaci\u00f3n como profesional de alg\u00fan medio de comunicaci\u00f3n para asistir al &gt;_ CSIA Radar 2024, por favor env\u00edanos tu solicitud: Para conseguir material gr\u00e1fico extra solicita acceso a nuestra FTP a trav\u00e9s del siguiente correo electr\u00f3nico: gloria@medinamediaevents.com Si necesitas contactar con la organizaci\u00f3n para gestiones de entrevistas o informaci\u00f3n [&hellip;]","og_url":"https:\/\/csiaradar.com\/register-2024\/press\/","og_site_name":"CSI Radar","article_modified_time":"2024-02-07T15:37:31+00:00","og_image":[{"width":2000,"height":500,"url":"https:\/\/csiaradar.com\/web\/wp-content\/uploads\/2022\/12\/cibyer_01.jpg","type":"image\/jpeg"}],"twitter_card":"summary_large_image","twitter_misc":{"Tiempo de lectura":"1 minuto"},"schema":{"@context":"https:\/\/schema.org","@graph":[{"@type":"WebPage","@id":"https:\/\/csiaradar.com\/register-2024\/press\/","url":"https:\/\/csiaradar.com\/register-2024\/press\/","name":"Prensa - CSI Radar","isPartOf":{"@id":"https:\/\/csiaradar.com\/#website"},"primaryImageOfPage":{"@id":"https:\/\/csiaradar.com\/register-2024\/press\/#primaryimage"},"image":{"@id":"https:\/\/csiaradar.com\/register-2024\/press\/#primaryimage"},"thumbnailUrl":"https:\/\/csiaradar.com\/web\/wp-content\/uploads\/2022\/12\/cibyer_01.jpg","datePublished":"2024-02-07T15:35:25+00:00","dateModified":"2024-02-07T15:37:31+00:00","breadcrumb":{"@id":"https:\/\/csiaradar.com\/register-2024\/press\/#breadcrumb"},"inLanguage":"es","potentialAction":[{"@type":"ReadAction","target":["https:\/\/csiaradar.com\/register-2024\/press\/"]}]},{"@type":"ImageObject","inLanguage":"es","@id":"https:\/\/csiaradar.com\/register-2024\/press\/#primaryimage","url":"https:\/\/csiaradar.com\/web\/wp-content\/uploads\/2022\/12\/cibyer_01.jpg","contentUrl":"https:\/\/csiaradar.com\/web\/wp-content\/uploads\/2022\/12\/cibyer_01.jpg","width":2000,"height":500},{"@type":"BreadcrumbList","@id":"https:\/\/csiaradar.com\/register-2024\/press\/#breadcrumb","itemListElement":[{"@type":"ListItem","position":1,"name":"Portada","item":"https:\/\/csiaradar.com\/es\/"},{"@type":"ListItem","position":2,"name":"REGISTRO 2024","item":"https:\/\/csiaradar.com\/register-2024\/"},{"@type":"ListItem","position":3,"name":"Prensa"}]},{"@type":"WebSite","@id":"https:\/\/csiaradar.com\/#website","url":"https:\/\/csiaradar.com\/","name":"CSI Radar","description":"Cyber Security International","publisher":{"@id":"https:\/\/csiaradar.com\/#organization"},"potentialAction":[{"@type":"SearchAction","target":{"@type":"EntryPoint","urlTemplate":"https:\/\/csiaradar.com\/?s={search_term_string}"},"query-input":{"@type":"PropertyValueSpecification","valueRequired":true,"valueName":"search_term_string"}}],"inLanguage":"es"},{"@type":"Organization","@id":"https:\/\/csiaradar.com\/#organization","name":"SUTUS","url":"https:\/\/csiaradar.com\/","logo":{"@type":"ImageObject","inLanguage":"es","@id":"https:\/\/csiaradar.com\/#\/schema\/logo\/image\/","url":"https:\/\/csiaradar.com\/web\/wp-content\/uploads\/2019\/01\/sutuscolor.png","contentUrl":"https:\/\/csiaradar.com\/web\/wp-content\/uploads\/2019\/01\/sutuscolor.png","width":268,"height":85,"caption":"SUTUS"},"image":{"@id":"https:\/\/csiaradar.com\/#\/schema\/logo\/image\/"}}]}},"_links":{"self":[{"href":"https:\/\/csiaradar.com\/es\/wp-json\/wp\/v2\/pages\/9540","targetHints":{"allow":["GET"]}}],"collection":[{"href":"https:\/\/csiaradar.com\/es\/wp-json\/wp\/v2\/pages"}],"about":[{"href":"https:\/\/csiaradar.com\/es\/wp-json\/wp\/v2\/types\/page"}],"author":[{"embeddable":true,"href":"https:\/\/csiaradar.com\/es\/wp-json\/wp\/v2\/users\/6"}],"replies":[{"embeddable":true,"href":"https:\/\/csiaradar.com\/es\/wp-json\/wp\/v2\/comments?post=9540"}],"version-history":[{"count":2,"href":"https:\/\/csiaradar.com\/es\/wp-json\/wp\/v2\/pages\/9540\/revisions"}],"predecessor-version":[{"id":9543,"href":"https:\/\/csiaradar.com\/es\/wp-json\/wp\/v2\/pages\/9540\/revisions\/9543"}],"up":[{"embeddable":true,"href":"https:\/\/csiaradar.com\/es\/wp-json\/wp\/v2\/pages\/9520"}],"wp:featuredmedia":[{"embeddable":true,"href":"https:\/\/csiaradar.com\/es\/wp-json\/wp\/v2\/media\/8164"}],"wp:attachment":[{"href":"https:\/\/csiaradar.com\/es\/wp-json\/wp\/v2\/media?parent=9540"}],"curies":[{"name":"wp","href":"https:\/\/api.w.org\/{rel}","templated":true}]}}