{"id":9527,"date":"2024-02-07T15:30:35","date_gmt":"2024-02-07T15:30:35","guid":{"rendered":"https:\/\/csiaradar.com\/?page_id=9527"},"modified":"2024-02-07T15:30:35","modified_gmt":"2024-02-07T15:30:35","slug":"registro-virtual","status":"publish","type":"page","link":"https:\/\/csiaradar.com\/es\/registro-2024\/registro-virtual\/","title":{"rendered":"Registro Virtual 2024"},"content":{"rendered":"<h2 style=\"text-align: center;\">CSIA Radar 2024<\/h2>\n<p style=\"text-align: center;\"><b>25, 26, 27 &amp; 28, JUNIO<\/b><\/p>\n<p><iframe loading=\"lazy\" src=\"https:\/\/tpv.thenewtechobservatory.com\/registro2017.aspx?idp=32bb90e8976aab5298d5da10fe66f21d\" width=\"100%\" height=\"1120px\" frameborder=\"0\" scrolling=\"no\" allowfullscreen=\"allowfullscreen\"><span data-mce-type=\"bookmark\" style=\"display: inline-block; width: 0px; overflow: hidden; line-height: 0;\" class=\"mce_SELRES_start\">\ufeff<\/span><span data-mce-type=\"bookmark\" style=\"display: inline-block; width: 0px; overflow: hidden; line-height: 0;\" class=\"mce_SELRES_start\">\ufeff<\/span><span data-mce-type=\"bookmark\" style=\"display: inline-block; width: 0px; overflow: hidden; line-height: 0;\" class=\"mce_SELRES_start\">\ufeff<\/span><span data-mce-type=\"bookmark\" style=\"display: inline-block; width: 0px; overflow: hidden; line-height: 0;\" class=\"mce_SELRES_start\">\ufeff<\/span><\/iframe><\/p>\n<hr \/>\n<ul>\n<li aria-level=\"1\"><strong>Streaming en directo &amp; VOD<\/strong><b><br \/>\n<\/b>Accede a todas las sesiones por streaming en directo. Tambi\u00e9n estar\u00e1n disponibles en video bajo demanda (VOD) nada m\u00e1s haberse emitido<\/li>\n<li aria-level=\"1\"><strong>Demos virtuales<\/strong><b><br \/>\n<\/b>Accede a todas las demos online<\/li>\n<li aria-level=\"1\"><strong>Networking<\/strong><b><br \/>\n<\/b>Aprovecha tu propia herramienta de networking para poder conectar con los participantes y organizar v\u00eddeo-reuniones<\/li>\n<li aria-level=\"1\"><strong>Sesiones adicionales<\/strong><b><br \/>\n<\/b>Consulta las conferencias de\u00a0\u00a0todos los eventos de Medina Media Events<\/li>\n<\/ul>\n","protected":false},"excerpt":{"rendered":"<p>CSIA Radar 2024 25, 26, 27 &amp; 28, JUNIO \ufeff\ufeff\ufeff\ufeff Streaming en directo &amp; VOD Accede a todas las sesiones por streaming en directo. Tambi\u00e9n estar\u00e1n disponibles en video bajo demanda (VOD) nada m\u00e1s haberse emitido Demos virtuales Accede a todas las demos online Networking Aprovecha tu propia herramienta de networking para poder conectar con [&hellip;]<\/p>\n","protected":false},"author":6,"featured_media":8164,"parent":9520,"menu_order":17,"comment_status":"closed","ping_status":"closed","template":"","meta":{"_acf_changed":false,"footnotes":""},"class_list":["post-9527","page","type-page","status-publish","has-post-thumbnail","hentry"],"acf":[],"yoast_head":"<!-- This site is optimized with the Yoast SEO plugin v27.4 - https:\/\/yoast.com\/product\/yoast-seo-wordpress\/ -->\n<title>Registro Virtual 2024 - CSI Radar<\/title>\n<meta name=\"robots\" content=\"index, follow, max-snippet:-1, max-image-preview:large, max-video-preview:-1\" \/>\n<link rel=\"canonical\" href=\"https:\/\/csiaradar.com\/register-2024\/virtual-registration\/\" \/>\n<meta property=\"og:locale\" content=\"es_ES\" \/>\n<meta property=\"og:type\" content=\"article\" \/>\n<meta property=\"og:title\" content=\"Registro Virtual 2024 - CSI Radar\" \/>\n<meta property=\"og:description\" content=\"CSIA Radar 2024 25, 26, 27 &amp; 28, JUNIO \ufeff\ufeff\ufeff\ufeff Streaming en directo &amp; VOD Accede a todas las sesiones por streaming en directo. Tambi\u00e9n estar\u00e1n disponibles en video bajo demanda (VOD) nada m\u00e1s haberse emitido Demos virtuales Accede a todas las demos online Networking Aprovecha tu propia herramienta de networking para poder conectar con [&hellip;]\" \/>\n<meta property=\"og:url\" content=\"https:\/\/csiaradar.com\/register-2024\/virtual-registration\/\" \/>\n<meta property=\"og:site_name\" content=\"CSI Radar\" \/>\n<meta property=\"og:image\" content=\"https:\/\/csiaradar.com\/web\/wp-content\/uploads\/2022\/12\/cibyer_01.jpg\" \/>\n\t<meta property=\"og:image:width\" content=\"2000\" \/>\n\t<meta property=\"og:image:height\" content=\"500\" \/>\n\t<meta property=\"og:image:type\" content=\"image\/jpeg\" \/>\n<meta name=\"twitter:card\" content=\"summary_large_image\" \/>\n<meta name=\"twitter:label1\" content=\"Tiempo de lectura\" \/>\n\t<meta name=\"twitter:data1\" content=\"1 minuto\" \/>\n<script type=\"application\/ld+json\" class=\"yoast-schema-graph\">{\"@context\":\"https:\\\/\\\/schema.org\",\"@graph\":[{\"@type\":\"WebPage\",\"@id\":\"https:\\\/\\\/csiaradar.com\\\/register-2024\\\/virtual-registration\\\/\",\"url\":\"https:\\\/\\\/csiaradar.com\\\/register-2024\\\/virtual-registration\\\/\",\"name\":\"Registro Virtual 2024 - CSI Radar\",\"isPartOf\":{\"@id\":\"https:\\\/\\\/csiaradar.com\\\/#website\"},\"primaryImageOfPage\":{\"@id\":\"https:\\\/\\\/csiaradar.com\\\/register-2024\\\/virtual-registration\\\/#primaryimage\"},\"image\":{\"@id\":\"https:\\\/\\\/csiaradar.com\\\/register-2024\\\/virtual-registration\\\/#primaryimage\"},\"thumbnailUrl\":\"https:\\\/\\\/csiaradar.com\\\/web\\\/wp-content\\\/uploads\\\/2022\\\/12\\\/cibyer_01.jpg\",\"datePublished\":\"2024-02-07T15:30:35+00:00\",\"breadcrumb\":{\"@id\":\"https:\\\/\\\/csiaradar.com\\\/register-2024\\\/virtual-registration\\\/#breadcrumb\"},\"inLanguage\":\"es\",\"potentialAction\":[{\"@type\":\"ReadAction\",\"target\":[\"https:\\\/\\\/csiaradar.com\\\/register-2024\\\/virtual-registration\\\/\"]}]},{\"@type\":\"ImageObject\",\"inLanguage\":\"es\",\"@id\":\"https:\\\/\\\/csiaradar.com\\\/register-2024\\\/virtual-registration\\\/#primaryimage\",\"url\":\"https:\\\/\\\/csiaradar.com\\\/web\\\/wp-content\\\/uploads\\\/2022\\\/12\\\/cibyer_01.jpg\",\"contentUrl\":\"https:\\\/\\\/csiaradar.com\\\/web\\\/wp-content\\\/uploads\\\/2022\\\/12\\\/cibyer_01.jpg\",\"width\":2000,\"height\":500},{\"@type\":\"BreadcrumbList\",\"@id\":\"https:\\\/\\\/csiaradar.com\\\/register-2024\\\/virtual-registration\\\/#breadcrumb\",\"itemListElement\":[{\"@type\":\"ListItem\",\"position\":1,\"name\":\"Portada\",\"item\":\"https:\\\/\\\/csiaradar.com\\\/es\\\/\"},{\"@type\":\"ListItem\",\"position\":2,\"name\":\"REGISTRO 2024\",\"item\":\"https:\\\/\\\/csiaradar.com\\\/register-2024\\\/\"},{\"@type\":\"ListItem\",\"position\":3,\"name\":\"Registro Virtual 2024\"}]},{\"@type\":\"WebSite\",\"@id\":\"https:\\\/\\\/csiaradar.com\\\/#website\",\"url\":\"https:\\\/\\\/csiaradar.com\\\/\",\"name\":\"CSI Radar\",\"description\":\"Cyber Security International\",\"publisher\":{\"@id\":\"https:\\\/\\\/csiaradar.com\\\/#organization\"},\"potentialAction\":[{\"@type\":\"SearchAction\",\"target\":{\"@type\":\"EntryPoint\",\"urlTemplate\":\"https:\\\/\\\/csiaradar.com\\\/?s={search_term_string}\"},\"query-input\":{\"@type\":\"PropertyValueSpecification\",\"valueRequired\":true,\"valueName\":\"search_term_string\"}}],\"inLanguage\":\"es\"},{\"@type\":\"Organization\",\"@id\":\"https:\\\/\\\/csiaradar.com\\\/#organization\",\"name\":\"SUTUS\",\"url\":\"https:\\\/\\\/csiaradar.com\\\/\",\"logo\":{\"@type\":\"ImageObject\",\"inLanguage\":\"es\",\"@id\":\"https:\\\/\\\/csiaradar.com\\\/#\\\/schema\\\/logo\\\/image\\\/\",\"url\":\"https:\\\/\\\/csiaradar.com\\\/web\\\/wp-content\\\/uploads\\\/2019\\\/01\\\/sutuscolor.png\",\"contentUrl\":\"https:\\\/\\\/csiaradar.com\\\/web\\\/wp-content\\\/uploads\\\/2019\\\/01\\\/sutuscolor.png\",\"width\":268,\"height\":85,\"caption\":\"SUTUS\"},\"image\":{\"@id\":\"https:\\\/\\\/csiaradar.com\\\/#\\\/schema\\\/logo\\\/image\\\/\"}}]}<\/script>\n<!-- \/ Yoast SEO plugin. -->","yoast_head_json":{"title":"Registro Virtual 2024 - CSI Radar","robots":{"index":"index","follow":"follow","max-snippet":"max-snippet:-1","max-image-preview":"max-image-preview:large","max-video-preview":"max-video-preview:-1"},"canonical":"https:\/\/csiaradar.com\/register-2024\/virtual-registration\/","og_locale":"es_ES","og_type":"article","og_title":"Registro Virtual 2024 - CSI Radar","og_description":"CSIA Radar 2024 25, 26, 27 &amp; 28, JUNIO \ufeff\ufeff\ufeff\ufeff Streaming en directo &amp; VOD Accede a todas las sesiones por streaming en directo. Tambi\u00e9n estar\u00e1n disponibles en video bajo demanda (VOD) nada m\u00e1s haberse emitido Demos virtuales Accede a todas las demos online Networking Aprovecha tu propia herramienta de networking para poder conectar con [&hellip;]","og_url":"https:\/\/csiaradar.com\/register-2024\/virtual-registration\/","og_site_name":"CSI Radar","og_image":[{"width":2000,"height":500,"url":"https:\/\/csiaradar.com\/web\/wp-content\/uploads\/2022\/12\/cibyer_01.jpg","type":"image\/jpeg"}],"twitter_card":"summary_large_image","twitter_misc":{"Tiempo de lectura":"1 minuto"},"schema":{"@context":"https:\/\/schema.org","@graph":[{"@type":"WebPage","@id":"https:\/\/csiaradar.com\/register-2024\/virtual-registration\/","url":"https:\/\/csiaradar.com\/register-2024\/virtual-registration\/","name":"Registro Virtual 2024 - CSI Radar","isPartOf":{"@id":"https:\/\/csiaradar.com\/#website"},"primaryImageOfPage":{"@id":"https:\/\/csiaradar.com\/register-2024\/virtual-registration\/#primaryimage"},"image":{"@id":"https:\/\/csiaradar.com\/register-2024\/virtual-registration\/#primaryimage"},"thumbnailUrl":"https:\/\/csiaradar.com\/web\/wp-content\/uploads\/2022\/12\/cibyer_01.jpg","datePublished":"2024-02-07T15:30:35+00:00","breadcrumb":{"@id":"https:\/\/csiaradar.com\/register-2024\/virtual-registration\/#breadcrumb"},"inLanguage":"es","potentialAction":[{"@type":"ReadAction","target":["https:\/\/csiaradar.com\/register-2024\/virtual-registration\/"]}]},{"@type":"ImageObject","inLanguage":"es","@id":"https:\/\/csiaradar.com\/register-2024\/virtual-registration\/#primaryimage","url":"https:\/\/csiaradar.com\/web\/wp-content\/uploads\/2022\/12\/cibyer_01.jpg","contentUrl":"https:\/\/csiaradar.com\/web\/wp-content\/uploads\/2022\/12\/cibyer_01.jpg","width":2000,"height":500},{"@type":"BreadcrumbList","@id":"https:\/\/csiaradar.com\/register-2024\/virtual-registration\/#breadcrumb","itemListElement":[{"@type":"ListItem","position":1,"name":"Portada","item":"https:\/\/csiaradar.com\/es\/"},{"@type":"ListItem","position":2,"name":"REGISTRO 2024","item":"https:\/\/csiaradar.com\/register-2024\/"},{"@type":"ListItem","position":3,"name":"Registro Virtual 2024"}]},{"@type":"WebSite","@id":"https:\/\/csiaradar.com\/#website","url":"https:\/\/csiaradar.com\/","name":"CSI Radar","description":"Cyber Security International","publisher":{"@id":"https:\/\/csiaradar.com\/#organization"},"potentialAction":[{"@type":"SearchAction","target":{"@type":"EntryPoint","urlTemplate":"https:\/\/csiaradar.com\/?s={search_term_string}"},"query-input":{"@type":"PropertyValueSpecification","valueRequired":true,"valueName":"search_term_string"}}],"inLanguage":"es"},{"@type":"Organization","@id":"https:\/\/csiaradar.com\/#organization","name":"SUTUS","url":"https:\/\/csiaradar.com\/","logo":{"@type":"ImageObject","inLanguage":"es","@id":"https:\/\/csiaradar.com\/#\/schema\/logo\/image\/","url":"https:\/\/csiaradar.com\/web\/wp-content\/uploads\/2019\/01\/sutuscolor.png","contentUrl":"https:\/\/csiaradar.com\/web\/wp-content\/uploads\/2019\/01\/sutuscolor.png","width":268,"height":85,"caption":"SUTUS"},"image":{"@id":"https:\/\/csiaradar.com\/#\/schema\/logo\/image\/"}}]}},"_links":{"self":[{"href":"https:\/\/csiaradar.com\/es\/wp-json\/wp\/v2\/pages\/9527","targetHints":{"allow":["GET"]}}],"collection":[{"href":"https:\/\/csiaradar.com\/es\/wp-json\/wp\/v2\/pages"}],"about":[{"href":"https:\/\/csiaradar.com\/es\/wp-json\/wp\/v2\/types\/page"}],"author":[{"embeddable":true,"href":"https:\/\/csiaradar.com\/es\/wp-json\/wp\/v2\/users\/6"}],"replies":[{"embeddable":true,"href":"https:\/\/csiaradar.com\/es\/wp-json\/wp\/v2\/comments?post=9527"}],"version-history":[{"count":1,"href":"https:\/\/csiaradar.com\/es\/wp-json\/wp\/v2\/pages\/9527\/revisions"}],"predecessor-version":[{"id":9535,"href":"https:\/\/csiaradar.com\/es\/wp-json\/wp\/v2\/pages\/9527\/revisions\/9535"}],"up":[{"embeddable":true,"href":"https:\/\/csiaradar.com\/es\/wp-json\/wp\/v2\/pages\/9520"}],"wp:featuredmedia":[{"embeddable":true,"href":"https:\/\/csiaradar.com\/es\/wp-json\/wp\/v2\/media\/8164"}],"wp:attachment":[{"href":"https:\/\/csiaradar.com\/es\/wp-json\/wp\/v2\/media?parent=9527"}],"curies":[{"name":"wp","href":"https:\/\/api.w.org\/{rel}","templated":true}]}}