{"id":6546,"date":"2022-06-02T06:05:12","date_gmt":"2022-06-02T06:05:12","guid":{"rendered":"https:\/\/csiaradar.com\/web\/contact\/"},"modified":"2023-03-16T14:21:59","modified_gmt":"2023-03-16T14:21:59","slug":"contacto","status":"publish","type":"page","link":"https:\/\/csiaradar.com\/es\/contacto\/","title":{"rendered":"Contacto"},"content":{"rendered":"<p>\u00bfBuscas una respuesta r\u00e1pida a tus preguntas? Consulta nuestras\u00a0 <a href=\"https:\/\/csiaradar.com\/web\/es\/faqs\/\">FAQs<\/a>.<\/p>\n<p>\u00bfTodav\u00eda con alguna duda? Env\u00edanos un mensaje y nos pondremos en contacto con contigo lo antes posible.<\/p>\n<h2 style=\"text-align: center;\">Solicita m\u00e1s informaci\u00f3n a trav\u00e9s del formulario de contacto:<\/h2>\n","protected":false},"excerpt":{"rendered":"<p>\u00bfBuscas una respuesta r\u00e1pida a tus preguntas? Consulta nuestras\u00a0 FAQs. \u00bfTodav\u00eda con alguna duda? Env\u00edanos un mensaje y nos pondremos en contacto con contigo lo antes posible. Solicita m\u00e1s informaci\u00f3n a trav\u00e9s del formulario de contacto:<\/p>\n","protected":false},"author":4,"featured_media":8164,"parent":0,"menu_order":0,"comment_status":"closed","ping_status":"closed","template":"contact-template.php","meta":{"_acf_changed":false,"footnotes":""},"class_list":["post-6546","page","type-page","status-publish","has-post-thumbnail","hentry"],"acf":[],"yoast_head":"<!-- This site is optimized with the Yoast SEO plugin v27.3 - https:\/\/yoast.com\/product\/yoast-seo-wordpress\/ -->\n<title>Contacto - CSI Radar<\/title>\n<meta name=\"robots\" content=\"index, follow, max-snippet:-1, max-image-preview:large, max-video-preview:-1\" \/>\n<link rel=\"canonical\" href=\"https:\/\/csiaradar.com\/contact\/\" \/>\n<meta property=\"og:locale\" content=\"es_ES\" \/>\n<meta property=\"og:type\" content=\"article\" \/>\n<meta property=\"og:title\" content=\"Contacto - CSI Radar\" \/>\n<meta property=\"og:description\" content=\"\u00bfBuscas una respuesta r\u00e1pida a tus preguntas? Consulta nuestras\u00a0 FAQs. \u00bfTodav\u00eda con alguna duda? Env\u00edanos un mensaje y nos pondremos en contacto con contigo lo antes posible. Solicita m\u00e1s informaci\u00f3n a trav\u00e9s del formulario de contacto:\" \/>\n<meta property=\"og:url\" content=\"https:\/\/csiaradar.com\/contact\/\" \/>\n<meta property=\"og:site_name\" content=\"CSI Radar\" \/>\n<meta property=\"article:modified_time\" content=\"2023-03-16T14:21:59+00:00\" \/>\n<meta property=\"og:image\" content=\"https:\/\/csiaradar.com\/web\/wp-content\/uploads\/2022\/12\/cibyer_01.jpg\" \/>\n\t<meta property=\"og:image:width\" content=\"2000\" \/>\n\t<meta property=\"og:image:height\" content=\"500\" \/>\n\t<meta property=\"og:image:type\" content=\"image\/jpeg\" \/>\n<meta name=\"twitter:card\" content=\"summary_large_image\" \/>\n<meta name=\"twitter:label1\" content=\"Tiempo de lectura\" \/>\n\t<meta name=\"twitter:data1\" content=\"1 minuto\" \/>\n<script type=\"application\/ld+json\" class=\"yoast-schema-graph\">{\"@context\":\"https:\\\/\\\/schema.org\",\"@graph\":[{\"@type\":\"WebPage\",\"@id\":\"https:\\\/\\\/csiaradar.com\\\/contact\\\/\",\"url\":\"https:\\\/\\\/csiaradar.com\\\/contact\\\/\",\"name\":\"Contacto - CSI Radar\",\"isPartOf\":{\"@id\":\"https:\\\/\\\/csiaradar.com\\\/#website\"},\"primaryImageOfPage\":{\"@id\":\"https:\\\/\\\/csiaradar.com\\\/contact\\\/#primaryimage\"},\"image\":{\"@id\":\"https:\\\/\\\/csiaradar.com\\\/contact\\\/#primaryimage\"},\"thumbnailUrl\":\"https:\\\/\\\/csiaradar.com\\\/web\\\/wp-content\\\/uploads\\\/2022\\\/12\\\/cibyer_01.jpg\",\"datePublished\":\"2022-06-02T06:05:12+00:00\",\"dateModified\":\"2023-03-16T14:21:59+00:00\",\"breadcrumb\":{\"@id\":\"https:\\\/\\\/csiaradar.com\\\/contact\\\/#breadcrumb\"},\"inLanguage\":\"es\",\"potentialAction\":[{\"@type\":\"ReadAction\",\"target\":[\"https:\\\/\\\/csiaradar.com\\\/contact\\\/\"]}]},{\"@type\":\"ImageObject\",\"inLanguage\":\"es\",\"@id\":\"https:\\\/\\\/csiaradar.com\\\/contact\\\/#primaryimage\",\"url\":\"https:\\\/\\\/csiaradar.com\\\/web\\\/wp-content\\\/uploads\\\/2022\\\/12\\\/cibyer_01.jpg\",\"contentUrl\":\"https:\\\/\\\/csiaradar.com\\\/web\\\/wp-content\\\/uploads\\\/2022\\\/12\\\/cibyer_01.jpg\",\"width\":2000,\"height\":500},{\"@type\":\"BreadcrumbList\",\"@id\":\"https:\\\/\\\/csiaradar.com\\\/contact\\\/#breadcrumb\",\"itemListElement\":[{\"@type\":\"ListItem\",\"position\":1,\"name\":\"Portada\",\"item\":\"https:\\\/\\\/csiaradar.com\\\/es\\\/\"},{\"@type\":\"ListItem\",\"position\":2,\"name\":\"Contacto\"}]},{\"@type\":\"WebSite\",\"@id\":\"https:\\\/\\\/csiaradar.com\\\/#website\",\"url\":\"https:\\\/\\\/csiaradar.com\\\/\",\"name\":\"CSI Radar\",\"description\":\"Cyber Security International\",\"publisher\":{\"@id\":\"https:\\\/\\\/csiaradar.com\\\/#organization\"},\"potentialAction\":[{\"@type\":\"SearchAction\",\"target\":{\"@type\":\"EntryPoint\",\"urlTemplate\":\"https:\\\/\\\/csiaradar.com\\\/?s={search_term_string}\"},\"query-input\":{\"@type\":\"PropertyValueSpecification\",\"valueRequired\":true,\"valueName\":\"search_term_string\"}}],\"inLanguage\":\"es\"},{\"@type\":\"Organization\",\"@id\":\"https:\\\/\\\/csiaradar.com\\\/#organization\",\"name\":\"SUTUS\",\"url\":\"https:\\\/\\\/csiaradar.com\\\/\",\"logo\":{\"@type\":\"ImageObject\",\"inLanguage\":\"es\",\"@id\":\"https:\\\/\\\/csiaradar.com\\\/#\\\/schema\\\/logo\\\/image\\\/\",\"url\":\"https:\\\/\\\/csiaradar.com\\\/web\\\/wp-content\\\/uploads\\\/2019\\\/01\\\/sutuscolor.png\",\"contentUrl\":\"https:\\\/\\\/csiaradar.com\\\/web\\\/wp-content\\\/uploads\\\/2019\\\/01\\\/sutuscolor.png\",\"width\":268,\"height\":85,\"caption\":\"SUTUS\"},\"image\":{\"@id\":\"https:\\\/\\\/csiaradar.com\\\/#\\\/schema\\\/logo\\\/image\\\/\"}}]}<\/script>\n<!-- \/ Yoast SEO plugin. -->","yoast_head_json":{"title":"Contacto - CSI Radar","robots":{"index":"index","follow":"follow","max-snippet":"max-snippet:-1","max-image-preview":"max-image-preview:large","max-video-preview":"max-video-preview:-1"},"canonical":"https:\/\/csiaradar.com\/contact\/","og_locale":"es_ES","og_type":"article","og_title":"Contacto - CSI Radar","og_description":"\u00bfBuscas una respuesta r\u00e1pida a tus preguntas? Consulta nuestras\u00a0 FAQs. \u00bfTodav\u00eda con alguna duda? Env\u00edanos un mensaje y nos pondremos en contacto con contigo lo antes posible. Solicita m\u00e1s informaci\u00f3n a trav\u00e9s del formulario de contacto:","og_url":"https:\/\/csiaradar.com\/contact\/","og_site_name":"CSI Radar","article_modified_time":"2023-03-16T14:21:59+00:00","og_image":[{"width":2000,"height":500,"url":"https:\/\/csiaradar.com\/web\/wp-content\/uploads\/2022\/12\/cibyer_01.jpg","type":"image\/jpeg"}],"twitter_card":"summary_large_image","twitter_misc":{"Tiempo de lectura":"1 minuto"},"schema":{"@context":"https:\/\/schema.org","@graph":[{"@type":"WebPage","@id":"https:\/\/csiaradar.com\/contact\/","url":"https:\/\/csiaradar.com\/contact\/","name":"Contacto - CSI Radar","isPartOf":{"@id":"https:\/\/csiaradar.com\/#website"},"primaryImageOfPage":{"@id":"https:\/\/csiaradar.com\/contact\/#primaryimage"},"image":{"@id":"https:\/\/csiaradar.com\/contact\/#primaryimage"},"thumbnailUrl":"https:\/\/csiaradar.com\/web\/wp-content\/uploads\/2022\/12\/cibyer_01.jpg","datePublished":"2022-06-02T06:05:12+00:00","dateModified":"2023-03-16T14:21:59+00:00","breadcrumb":{"@id":"https:\/\/csiaradar.com\/contact\/#breadcrumb"},"inLanguage":"es","potentialAction":[{"@type":"ReadAction","target":["https:\/\/csiaradar.com\/contact\/"]}]},{"@type":"ImageObject","inLanguage":"es","@id":"https:\/\/csiaradar.com\/contact\/#primaryimage","url":"https:\/\/csiaradar.com\/web\/wp-content\/uploads\/2022\/12\/cibyer_01.jpg","contentUrl":"https:\/\/csiaradar.com\/web\/wp-content\/uploads\/2022\/12\/cibyer_01.jpg","width":2000,"height":500},{"@type":"BreadcrumbList","@id":"https:\/\/csiaradar.com\/contact\/#breadcrumb","itemListElement":[{"@type":"ListItem","position":1,"name":"Portada","item":"https:\/\/csiaradar.com\/es\/"},{"@type":"ListItem","position":2,"name":"Contacto"}]},{"@type":"WebSite","@id":"https:\/\/csiaradar.com\/#website","url":"https:\/\/csiaradar.com\/","name":"CSI Radar","description":"Cyber Security International","publisher":{"@id":"https:\/\/csiaradar.com\/#organization"},"potentialAction":[{"@type":"SearchAction","target":{"@type":"EntryPoint","urlTemplate":"https:\/\/csiaradar.com\/?s={search_term_string}"},"query-input":{"@type":"PropertyValueSpecification","valueRequired":true,"valueName":"search_term_string"}}],"inLanguage":"es"},{"@type":"Organization","@id":"https:\/\/csiaradar.com\/#organization","name":"SUTUS","url":"https:\/\/csiaradar.com\/","logo":{"@type":"ImageObject","inLanguage":"es","@id":"https:\/\/csiaradar.com\/#\/schema\/logo\/image\/","url":"https:\/\/csiaradar.com\/web\/wp-content\/uploads\/2019\/01\/sutuscolor.png","contentUrl":"https:\/\/csiaradar.com\/web\/wp-content\/uploads\/2019\/01\/sutuscolor.png","width":268,"height":85,"caption":"SUTUS"},"image":{"@id":"https:\/\/csiaradar.com\/#\/schema\/logo\/image\/"}}]}},"_links":{"self":[{"href":"https:\/\/csiaradar.com\/es\/wp-json\/wp\/v2\/pages\/6546","targetHints":{"allow":["GET"]}}],"collection":[{"href":"https:\/\/csiaradar.com\/es\/wp-json\/wp\/v2\/pages"}],"about":[{"href":"https:\/\/csiaradar.com\/es\/wp-json\/wp\/v2\/types\/page"}],"author":[{"embeddable":true,"href":"https:\/\/csiaradar.com\/es\/wp-json\/wp\/v2\/users\/4"}],"replies":[{"embeddable":true,"href":"https:\/\/csiaradar.com\/es\/wp-json\/wp\/v2\/comments?post=6546"}],"version-history":[{"count":0,"href":"https:\/\/csiaradar.com\/es\/wp-json\/wp\/v2\/pages\/6546\/revisions"}],"wp:featuredmedia":[{"embeddable":true,"href":"https:\/\/csiaradar.com\/es\/wp-json\/wp\/v2\/media\/8164"}],"wp:attachment":[{"href":"https:\/\/csiaradar.com\/es\/wp-json\/wp\/v2\/media?parent=6546"}],"curies":[{"name":"wp","href":"https:\/\/api.w.org\/{rel}","templated":true}]}}